{"id":6,"date":"2021-09-19T16:34:07","date_gmt":"2021-09-19T14:34:07","guid":{"rendered":"http:\/\/masterclass-life.com\/?page_id=6"},"modified":"2024-01-31T08:10:29","modified_gmt":"2024-01-31T07:10:29","slug":"psychotherapie-fuer-das-21-jahrhundert","status":"publish","type":"page","link":"https:\/\/masterclass-life.com\/?page_id=6","title":{"rendered":"Emotionale Gesundheit f\u00fcr das 21. Jhdt."},"content":{"rendered":"\n<p><\/p>\n\n\n\n<p><\/p>\n\n\n\n<p><\/p>\n\n\n\n<h2 class=\"wp-block-heading has-medium-font-size\" style=\"font-style:normal;font-weight:400\">Lebendigkeit ist der vielleicht reinste Ausdruck von&nbsp;Komplexit\u00e4t.&nbsp;Wir alle wollen lebendig sein und die wunderbare Vielgestaltigkeit des Lebens&nbsp;auch&nbsp;mit allen&nbsp;unseren&nbsp;Sinnen auskosten.<br><br>Aber Stress und st\u00e4ndige \u00dcberforderung in unserem Alltag&nbsp;stumpfen uns ab und treiben uns in Ersch\u00f6pfung und&nbsp;Unlebendigkeit.&nbsp;<br><br>Und das obwohl wir einen leichteren&nbsp;Zugang zu allen nur denkbaren&nbsp;Ressourcen haben als jede&nbsp;andere&nbsp;Generation auf diesem Planten zuvor.<br><br>Die L\u00f6sung f\u00fcr dieses Paradox erscheint nur&nbsp;auf den ersten Blick absurd:&nbsp;Die&nbsp;schier unendliche&nbsp;Vielzahl unserer M\u00f6glichkeiten ist selbst f\u00fcr&nbsp;uns zum Fluch geworden. Das Zeitalter der Hyperkomplexit\u00e4t n\u00f6tig uns in eine un\u00fcberschaubare&nbsp;Flut t\u00e4glicher&nbsp;Mikroentscheidungen und die daf\u00fcr n\u00f6tige st\u00e4ndige hochdetaillierte innere&nbsp;Simulation unserer Au\u00dfenwelt \u00fcberlastet unser Gehirn.<strong><br><br>Unsere Emotionen als flexible Bahnung von Reaktionen auf das, &#8222;was gerade mit uns geschieht&#8220;, k\u00f6nnen &#8211;&nbsp;richtig verstanden&nbsp;&#8211; eine entscheidende Hilfe f\u00fcr den Umgang mit den hier entstehenden&nbsp;hochkomplexen Entscheidungssituationen sein.&nbsp;<br><br>Sie verbinden unser subjektives Erleben mit unseren Bed\u00fcrfnissen. Und damit&nbsp;erm\u00f6glichen sie&nbsp;uns Entscheidungen zu treffen, die wirklich&nbsp;auf Werte wie&nbsp;Lebendigkeit, Verbundenheit&nbsp;und Nachhaltigkeit ausgerichtet sind.<\/strong><br><br>Es ist heute wichtiger denn je, den Code unserer Emotionen zu verstehen, um endlich wieder&nbsp;aus der Situation st\u00e4ndiger \u00dcberforderung herauszukommen und unsere wirklichen Werte zu leben.<br><br>Emotionale Intelligenz ist damit&nbsp;eine entscheidende Komponente der Komplexen Intelligenz, die wir brauchen, um im Zeitalter der Hyperkomplexit\u00e4t zu \u00fcberleben.&nbsp;&nbsp;<\/h2>\n\n\n\n<h3 class=\"wp-block-heading has-medium-font-size\" style=\"font-style:normal;font-weight:400\"><\/h3>\n\n\n\n<p><\/p>\n\n\n\n<p class=\"has-medium-font-size\"><\/p>\n\n\n\n<p class=\"has-black-color has-text-color has-medium-font-size\"><\/p>\n","protected":false},"excerpt":{"rendered":"<p>Lebendigkeit ist der vielleicht reinste Ausdruck von&nbsp;Komplexit\u00e4t.&nbsp;Wir alle wollen lebendig sein und die wunderbare Vielgestaltigkeit des Lebens&nbsp;auch&nbsp;mit allen&nbsp;unseren&nbsp;Sinnen auskosten. Aber Stress und st\u00e4ndige \u00dcberforderung in unserem Alltag&nbsp;stumpfen uns ab und &#8230;<\/p>\n","protected":false},"author":1,"featured_media":0,"parent":0,"menu_order":0,"comment_status":"closed","ping_status":"closed","template":"","meta":{"footnotes":""},"_links":{"self":[{"href":"https:\/\/masterclass-life.com\/index.php?rest_route=\/wp\/v2\/pages\/6"}],"collection":[{"href":"https:\/\/masterclass-life.com\/index.php?rest_route=\/wp\/v2\/pages"}],"about":[{"href":"https:\/\/masterclass-life.com\/index.php?rest_route=\/wp\/v2\/types\/page"}],"author":[{"embeddable":true,"href":"https:\/\/masterclass-life.com\/index.php?rest_route=\/wp\/v2\/users\/1"}],"replies":[{"embeddable":true,"href":"https:\/\/masterclass-life.com\/index.php?rest_route=%2Fwp%2Fv2%2Fcomments&post=6"}],"version-history":[{"count":78,"href":"https:\/\/masterclass-life.com\/index.php?rest_route=\/wp\/v2\/pages\/6\/revisions"}],"predecessor-version":[{"id":450,"href":"https:\/\/masterclass-life.com\/index.php?rest_route=\/wp\/v2\/pages\/6\/revisions\/450"}],"wp:attachment":[{"href":"https:\/\/masterclass-life.com\/index.php?rest_route=%2Fwp%2Fv2%2Fmedia&parent=6"}],"curies":[{"name":"wp","href":"https:\/\/api.w.org\/{rel}","templated":true}]}}