{"id":272,"date":"2023-12-08T08:03:05","date_gmt":"2023-12-08T07:03:05","guid":{"rendered":"http:\/\/masterclass-life.com\/?page_id=272"},"modified":"2024-03-12T02:51:12","modified_gmt":"2024-03-12T01:51:12","slug":"aktuell-2","status":"publish","type":"page","link":"https:\/\/masterclass-life.com\/","title":{"rendered":"Aktuell"},"content":{"rendered":"\n<h1 class=\"wp-block-heading has-text-align-center\"><strong>Jetzt Start von :Liebe Gesellschaft zusammen mit Marc Haunschild!<\/strong><\/h1>\n\n\n\n<p><\/p>\n\n\n\n<div class=\"wp-block-group is-nowrap is-layout-flex wp-container-core-group-layout-1 wp-block-group-is-layout-flex\">\n<p><\/p>\n<\/div>\n\n\n\n<p><\/p>\n\n\n\n<p class=\"has-medium-font-size\">Endlich ist die erste Folge unseres neuen Podcast :Liebe Gesellschaft als Video auf YouTube und mp3 auf Spotify verf\u00fcgbar!<\/p>\n\n\n\n<p class=\"has-medium-font-size\">Es geht dabei&nbsp;um Kommunikation in allen ihren Spielarten, vom intimen Dialog bis zur Hyper\u00f6ffentlichkeit der sozialen Medien \u2013 mit anderen Worten von der Liebe bis zur Gesellschaft und zur\u00fcck\u2026&nbsp;<\/p>\n\n\n\n<p class=\"has-medium-font-size\">Mein Co-Podcaster&nbsp;<strong>Marc Haunschild<\/strong>&nbsp;ist Schriftsteller und Web-Experte mit dem Spezialgebiet barrierefreier Gestaltung von digitalen Inhalten. Und ein enger Freund&nbsp;seit fast 30 Jahren.<\/p>\n\n\n\n<p class=\"has-medium-font-size\"><br>In der ersten Folge geht es um den Zusammenhalt in unserer Gesellschaft. Wir kontrastieren das Erleben von Zugeh\u00f6rigkeit in der virtuellen Welt mit dem Zusammenhalten in unserem lokalen &#8222;live3D-Gemeinschaften&#8220;. Letztere erschienen im 21. Jahrhundert zunehmend \u00fcberfl\u00fcssig, aber die aktuellen Krisen haben uns gezeigt, dass sie m\u00f6glicher Weise wichtiger f\u00fcr uns sind als je zuvor.&nbsp;<br><br>Als Beispiel daf\u00fcr, wie Fortschritt und gesellschaftlicher Zusammenhalt in einen Zielkonflikt geraten k\u00f6nnen,&nbsp;besch\u00e4ftigen wir uns&nbsp;auch mit den Versuchen, eine gender-gerechte Sprache zu etablieren. Und wir suchen nach gemeinsamen Wegen, wie Fortschritt und gesellschaftlicher&nbsp;Zusammenhalt in eine Balance gebracht werden k\u00f6nnen.&nbsp;<\/p>\n\n\n\n<p class=\"has-medium-font-size\">Das erste&nbsp;Video und die Audio-Angebote findet ihr alle&nbsp;auf der Homepage von :Liebe Gesellschaft. Nutzt einfach den orangefarbenen Button am Ende des Textes!<\/p>\n\n\n\n<p class=\"has-medium-font-size\">Wir hoffen sehr, dass Euch&nbsp;das neue Angebot gef\u00e4llt. Wenn Ja:&nbsp;<strong>Meine ersten Versuche mit YouTube&nbsp;haben gezeigt, dass es&nbsp;superwichtig ist, dass Ihr das Video liked und einen &#8211;&nbsp;gerne auch ganz kurzen &#8211;&nbsp;Kommentar dazu schreibt, damit der Kanal \u00fcber den YouTube-Algorithmus m\u00f6glichst weite&nbsp;Verbreitung findet!&nbsp;<\/strong><\/p>\n\n\n\n<p class=\"has-medium-font-size\">\u00dcbrigens: Es gibt aktuell nur einen gemeinsamen Newsletter f\u00fcr Masterclass Life und :Liebe Gesellschaft.<\/p>\n\n\n\n<br>\n\n\n\n<div class=\"wp-block-buttons is-layout-flex wp-block-buttons-is-layout-flex\">\n<div class=\"wp-block-button has-custom-width wp-block-button__width-100 is-style-fill\"><a class=\"wp-block-button__link has-white-color has-luminous-vivid-orange-background-color has-text-color has-background has-link-color wp-element-button\" href=\"https:\/\/liebegesellschaft.de\" target=\"_blank\" rel=\"noreferrer noopener\"><strong>Zu liebegesellschaft.de<\/strong><\/a><\/div>\n<\/div>\n\n\n\n<br><br>\n\n\n\n<p class=\"has-medium-font-size\"><strong>Wie immer sehr gerne Feedback zu allen denkbaren Aspekten via <strong><a href=\"mailto:'info@masterclass-life.com',\" target=\"_blank\" rel=\"noreferrer noopener\">info@masterclass-life.com<\/a><\/strong><\/strong> <strong>&#8211; ich m\u00f6chte das Projekt Schritt f\u00fcr Schritt zu einer Plattform f\u00fcr tiefgreifend positive und heilsame Erfahrungen und Erkenntnisschritte weiterentwickeln!<\/strong><\/p>\n","protected":false},"excerpt":{"rendered":"<p>Jetzt Start von :Liebe Gesellschaft zusammen mit Marc Haunschild! Endlich ist die erste Folge unseres neuen Podcast :Liebe Gesellschaft als Video auf YouTube und mp3 auf Spotify verf\u00fcgbar! Es geht &#8230;<\/p>\n","protected":false},"author":1,"featured_media":0,"parent":0,"menu_order":0,"comment_status":"closed","ping_status":"closed","template":"","meta":{"footnotes":""},"_links":{"self":[{"href":"https:\/\/masterclass-life.com\/index.php?rest_route=\/wp\/v2\/pages\/272"}],"collection":[{"href":"https:\/\/masterclass-life.com\/index.php?rest_route=\/wp\/v2\/pages"}],"about":[{"href":"https:\/\/masterclass-life.com\/index.php?rest_route=\/wp\/v2\/types\/page"}],"author":[{"embeddable":true,"href":"https:\/\/masterclass-life.com\/index.php?rest_route=\/wp\/v2\/users\/1"}],"replies":[{"embeddable":true,"href":"https:\/\/masterclass-life.com\/index.php?rest_route=%2Fwp%2Fv2%2Fcomments&post=272"}],"version-history":[{"count":88,"href":"https:\/\/masterclass-life.com\/index.php?rest_route=\/wp\/v2\/pages\/272\/revisions"}],"predecessor-version":[{"id":485,"href":"https:\/\/masterclass-life.com\/index.php?rest_route=\/wp\/v2\/pages\/272\/revisions\/485"}],"wp:attachment":[{"href":"https:\/\/masterclass-life.com\/index.php?rest_route=%2Fwp%2Fv2%2Fmedia&parent=272"}],"curies":[{"name":"wp","href":"https:\/\/api.w.org\/{rel}","templated":true}]}}