{"id":116,"date":"2021-09-21T13:05:14","date_gmt":"2021-09-21T11:05:14","guid":{"rendered":"http:\/\/masterclass-life.com\/?page_id=116"},"modified":"2024-01-23T23:58:12","modified_gmt":"2024-01-23T22:58:12","slug":"philosophie","status":"publish","type":"page","link":"https:\/\/masterclass-life.com\/?page_id=116","title":{"rendered":"Bed\u00fcrfnisse und Emotionen"},"content":{"rendered":"\n<p class=\"has-medium-font-size\">Autonomie und Integrit\u00e4t<\/p>\n\n\n\n<p class=\"has-medium-font-size\">  Tr\u00e4ume \/ Ziele \/ Werte selbst w\u00e4hlen<\/p>\n\n\n\n<p class=\"has-medium-font-size\">  Pl\u00e4ne daf\u00fcr selbst entwickeln<\/p>\n\n\n\n<p class=\"has-medium-font-size\">  Kreativit\u00e4t<\/p>\n\n\n\n<p class=\"has-medium-font-size\">  Echt-sein<\/p>\n\n\n\n<p class=\"has-medium-font-size\">  Selbstwert<\/p>\n\n\n\n<p class=\"has-medium-font-size\">  Sinn finden \/ geben<\/p>\n\n\n\n<p class=\"has-medium-font-size\">Mit anderen Wesen<\/p>\n\n\n\n<p class=\"has-medium-font-size\">  Akzeptanz<\/p>\n\n\n\n<p class=\"has-medium-font-size\">  Wertsch\u00e4tzung<\/p>\n\n\n\n<p class=\"has-medium-font-size\">  N\u00e4he<\/p>\n\n\n\n<p class=\"has-medium-font-size\">  Gemeinschaft<\/p>\n\n\n\n<p class=\"has-medium-font-size\">  R\u00fccksichtnahme<\/p>\n\n\n\n<p class=\"has-medium-font-size\">  Zur Bereicherung des Lebens beitragen<\/p>\n\n\n\n<p class=\"has-medium-font-size\">  Emotionale Sicherheit<\/p>\n\n\n\n<p class=\"has-medium-font-size\">  Empathie<\/p>\n\n\n\n<p class=\"has-medium-font-size\">  Ehrlichkeit (Ehrlichkeit, die uns erm\u00f6glicht aus \u201eFehlern\u201c zulernen)<\/p>\n\n\n\n<p class=\"has-medium-font-size\">  Liebe<\/p>\n\n\n\n<p class=\"has-medium-font-size\">  Geborgenheit<\/p>\n\n\n\n<p class=\"has-medium-font-size\">  Respekt<\/p>\n\n\n\n<p class=\"has-medium-font-size\">  Unterst\u00fctzung<\/p>\n\n\n\n<p class=\"has-medium-font-size\">  Vertrauen<\/p>\n\n\n\n<p class=\"has-medium-font-size\">  Verst\u00e4ndnis<\/p>\n\n\n\n<p class=\"has-medium-font-size\">  Zugeh\u00f6rigkeit<\/p>\n\n\n\n<p class=\"has-medium-font-size\">N\u00e4hren der physischen Existenz <\/p>\n\n\n\n<p class=\"has-medium-font-size\">  Luft<\/p>\n\n\n\n<p class=\"has-medium-font-size\">  Nahrung und Wasser<\/p>\n\n\n\n<p class=\"has-medium-font-size\">  Bewegung, K\u00f6rpertraining<\/p>\n\n\n\n<p class=\"has-medium-font-size\">  Schutz vor lebensbedrohenden Lebensformen: Viren, Bakterien, Insekten, Raubtieren<\/p>\n\n\n\n<p class=\"has-medium-font-size\">  Ruhe<\/p>\n\n\n\n<p class=\"has-medium-font-size\">  Sexualit\u00e4t<\/p>\n\n\n\n<p class=\"has-medium-font-size\">  Unterkunft<\/p>\n\n\n\n<p class=\"has-medium-font-size\">  K\u00f6rperkontakt<\/p>\n\n\n\n<p class=\"has-medium-font-size\">Spiel<\/p>\n\n\n\n<p class=\"has-medium-font-size\">  Freude<\/p>\n\n\n\n<p class=\"has-medium-font-size\">  Lachen<\/p>\n\n\n\n<p class=\"has-medium-font-size\">Spirituelle Verbundenheit<\/p>\n\n\n\n<p class=\"has-medium-font-size\">  Sch\u00f6nheit<\/p>\n\n\n\n<p class=\"has-medium-font-size\">  Hamonie<\/p>\n\n\n\n<p class=\"has-medium-font-size\">  Inspiration<\/p>\n\n\n\n<p class=\"has-medium-font-size\">  Ordnung (im Sinn von Struktur\/Klarheit)<\/p>\n\n\n\n<p class=\"has-medium-font-size\">  Frieden<\/p>\n\n\n\n<p><\/p>\n\n\n\n<p class=\"has-medium-font-size\"><strong>Zusammenhang Bed\u00fcrfnisse und Emotionen:<\/strong><\/p>\n\n\n\n<p><\/p>\n\n\n\n<p class=\"has-medium-font-size\">Freude\/Lust\/Dankbarkeit&nbsp;\u2013&nbsp;wenn Bed\u00fcrfnis befriedigt<br><\/p>\n\n\n\n<p class=\"has-medium-font-size\">Angst&nbsp;\u2013&nbsp;wenn Sicherheits\/Schutz-Bed\u00fcrfnis verletzt erscheint <\/p>\n\n\n\n<p><\/p>\n\n\n\n<p class=\"has-medium-font-size\">Trauer&nbsp;\u2013&nbsp;wenn Bed\u00fcrfnis&nbsp;\u201eendg\u00fcltig\u201c&nbsp;verletzt erscheint<br><\/p>\n\n\n\n<p class=\"has-medium-font-size\">Wut&nbsp;\u2013 wenn Bed\u00fcrfnis \u201eunberechtigt\u201c verletzt&nbsp;erscheint <\/p>\n\n\n\n<p><\/p>\n\n\n\n<p class=\"has-medium-font-size\">Liebe ist laut Marschall Rosenberg\u00a0kein\u00a0Gef\u00fchl sondern steht vielmehr f\u00fcr eine Vielzahl von Gef\u00fchlen, die h\u00e4ufig mit der Dankbarkeit f\u00fcr die Befriedigung besonders wichtiger Bed\u00fcrfnisse durch einen anderen und mit unseren innersten Lebendigkeit zu tun haben.<\/p>\n\n\n\n<p><\/p>\n\n\n\n<p class=\"has-medium-font-size\">Modifiziert nach Marshall Rosenberg,<br>siehe auch `Gewaltfreie Kommunikation \u0301, Paderborn 2001<\/p>\n","protected":false},"excerpt":{"rendered":"<p>Autonomie und Integrit\u00e4t Tr\u00e4ume \/ Ziele \/ Werte selbst w\u00e4hlen Pl\u00e4ne daf\u00fcr selbst entwickeln Kreativit\u00e4t Echt-sein Selbstwert Sinn finden \/ geben Mit anderen Wesen Akzeptanz Wertsch\u00e4tzung N\u00e4he Gemeinschaft R\u00fccksichtnahme Zur &#8230;<\/p>\n","protected":false},"author":1,"featured_media":0,"parent":0,"menu_order":0,"comment_status":"closed","ping_status":"closed","template":"","meta":{"footnotes":""},"_links":{"self":[{"href":"https:\/\/masterclass-life.com\/index.php?rest_route=\/wp\/v2\/pages\/116"}],"collection":[{"href":"https:\/\/masterclass-life.com\/index.php?rest_route=\/wp\/v2\/pages"}],"about":[{"href":"https:\/\/masterclass-life.com\/index.php?rest_route=\/wp\/v2\/types\/page"}],"author":[{"embeddable":true,"href":"https:\/\/masterclass-life.com\/index.php?rest_route=\/wp\/v2\/users\/1"}],"replies":[{"embeddable":true,"href":"https:\/\/masterclass-life.com\/index.php?rest_route=%2Fwp%2Fv2%2Fcomments&post=116"}],"version-history":[{"count":9,"href":"https:\/\/masterclass-life.com\/index.php?rest_route=\/wp\/v2\/pages\/116\/revisions"}],"predecessor-version":[{"id":422,"href":"https:\/\/masterclass-life.com\/index.php?rest_route=\/wp\/v2\/pages\/116\/revisions\/422"}],"wp:attachment":[{"href":"https:\/\/masterclass-life.com\/index.php?rest_route=%2Fwp%2Fv2%2Fmedia&parent=116"}],"curies":[{"name":"wp","href":"https:\/\/api.w.org\/{rel}","templated":true}]}}